{"id":31957,"date":"2021-06-06T19:05:32","date_gmt":"2021-06-06T19:05:32","guid":{"rendered":"https:\/\/www.jlumx.com\/home\/?page_id=31957"},"modified":"2021-06-06T19:07:22","modified_gmt":"2021-06-06T19:07:22","slug":"bodegas-en-venta","status":"publish","type":"page","link":"https:\/\/www.jlumx.com\/home\/bodegas-en-venta\/","title":{"rendered":"Bodegas en venta"},"content":{"rendered":"\t\t<div data-elementor-type=\"wp-page\" data-elementor-id=\"31957\" class=\"elementor elementor-31957\" data-elementor-settings=\"[]\">\n\t\t\t\t\t\t<div class=\"elementor-inner\">\n\t\t\t\t\t\t\t<div class=\"elementor-section-wrap\">\n\t\t\t\t\t\t\t<section class=\"elementor-section elementor-top-section elementor-element elementor-element-9e9b5ab elementor-section-boxed elementor-section-height-default elementor-section-height-default\" data-id=\"9e9b5ab\" data-element_type=\"section\">\n\t\t\t\t\t\t<div class=\"elementor-container elementor-column-gap-default\">\n\t\t\t\t\t\t\t<div class=\"elementor-row\">\n\t\t\t\t\t<div class=\"elementor-column elementor-col-100 elementor-top-column elementor-element elementor-element-4980512\" data-id=\"4980512\" data-element_type=\"column\">\n\t\t\t<div class=\"elementor-column-wrap elementor-element-populated\">\n\t\t\t\t\t\t\t<div class=\"elementor-widget-wrap\">\n\t\t\t\t\t\t<div class=\"elementor-element elementor-element-9b211a9 elementor-widget elementor-widget-WpResidence_Items_List\" data-id=\"9b211a9\" data-element_type=\"widget\" data-widget_type=\"WpResidence_Items_List.default\">\n\t\t\t\t<div class=\"elementor-widget-container\">\n\t\t\t<div id=\"wpestate_sh_anime_345\" class=\"article_container wpestate_anime wpestate_latest_listings_sh bottom-estate_property \"  data-type=\"estate_property\" data-category_ids=\"131,\" data-action_ids=\"103,\" data-city_ids=\"\" data-area_ids=\"\" data-state_ids=\"\" data-status_ids=\"\" data-number=\"15\" data-row-number=\"3\" data-align=\"vertical\" data-show_featured_only=\"no\"  data-random_pick=\"no\"  data-featured_first=\"no\" data-page=\"1\" >  \n\n<div class=\"col-md-4 shortcode-col listing_wrapper \" \n    data-org=\"6\"   \n    data-main-modal=\"https:\/\/www.jlumx.com\/home\/wp-content\/uploads\/2024\/03\/nnaveindpe-115.png\"\n    data-modal-title=\"NAVE INDUSTRIAL, TERRENO, PEROTE, VER.\"\n    data-modal-link=\"https:\/\/www.jlumx.com\/home\/properties\/nave-industrial\/\"\n    data-listid=\"43831\" >    \n    \n        \n    <div class=\"property_listing  property_card_default  \" \n         data-link=\"https:\/\/www.jlumx.com\/home\/properties\/nave-industrial\/\">    \n        \n                      \n                    \n                <div class=\"listing-unit-img-wrapper\">\n                    <div class=\"prop_new_details\">\n                        <div class=\"prop_new_details_back\"><\/div>       \n                        <div class=\"property_media\">\n                    \n                    \n   <i class=\"fas fa-camera\"><\/i> 12<\/div>                        <div class=\"property_location_image\"> \n        <span class=\"property_marker\"><\/span><a href=\"https:\/\/www.jlumx.com\/home\/city\/perote\/\" rel=\"tag\">Perote<\/a><\/div>                        <div class=\"featured_gradient\"><\/div>\n                    <\/div> \n                    \n                    <a href=\"https:\/\/www.jlumx.com\/home\/properties\/nave-industrial\/\" target=\"_self\" ><img width=\"500\" height=\"328\" src=\"https:\/\/www.jlumx.com\/home\/wp-content\/uploads\/2024\/03\/nnaveindpe-115-500x328.png\" class=\"lazyload img-responsive wp-post-image\" alt=\"\" loading=\"lazy\" data-original=\"https:\/\/www.jlumx.com\/home\/wp-content\/uploads\/2024\/03\/nnaveindpe-115-500x328.png\" srcset=\"https:\/\/www.jlumx.com\/home\/wp-content\/uploads\/2024\/03\/nnaveindpe-115-500x328.png 500w, https:\/\/www.jlumx.com\/home\/wp-content\/uploads\/2024\/03\/nnaveindpe-115-105x70.png 105w\" sizes=\"(max-width: 500px) 100vw, 500px\" \/><\/a>                    <div class=\"tag-wrapper\">\n          \n    \n    <div class=\"status-wrapper\">\n    <div class=\"action_tag_wrapper Venta \">Venta<\/div> \n<\/div><\/div>\n\n             \n         \n                <\/div>\n         \n\n          \n\n                <h4>  \n    <a href=\"https:\/\/www.jlumx.com\/home\/properties\/nave-industrial\/\">\nNAVE INDUSTRIAL, TERRENO, PEROTE, VER.    <\/a> \n<\/h4>\n    \n                <div class=\"listing_unit_price_wrapper\">\n    <span class=\"price_label\"><\/span><\/div>\n                \n    <div class=\"listing_details the_grid_view\">\n        NAVE INDUSTRIAL\u00a0 Y TERRENO NAVE INDUSTRIAL: * 25,000 m2 de terreno. * Precio $$ * Uso de s <a href=\"https:\/\/www.jlumx.com\/home\/properties\/nave-industrial\/\" class=\"unit_more_x\">[ver m\u00e1s]<\/a>    <\/div>\n\n    <div class=\"listing_details the_list_view\">\n        NAVE INDUSTRIAL\u00a0 Y TERRENO NAVE INDUSTRIAL: * 25,000 m2 de terreno. * Precio $$ * Uso de suelo comercial. * 17,500  <a href=\"https:\/\/www.jlumx.com\/home\/properties\/nave-industrial\/\" class=\"unit_more_x\">[ver m\u00e1s]<\/a>    <\/div>\n                   \n<div class=\"property_listing_details\">\n     <span class=\"infosize\">\n            <svg  viewBox=\"0 0 42 32\" fill=\"none\" xmlns=\"http:\/\/www.w3.org\/2000\/svg\">\n<path d=\"M41 0H13C12.45 0 12 0.45 12 1V10H1C0.45 10 0 10.45 0 11V31C0 31.55 0.45 32 1 32H29C29.55 32 30 31.55 30 31V22H41C41.55 22 42 21.55 42 21V1C42 0.45 41.55 0 41 0ZM28 30H2V12H28V30ZM40 20H30V11C30 10.45 29.55 10 29 10H14V2H40V20Z\" fill=\"black\"\/>\n<\/svg>75,000 m<sup>2<\/sup><\/span><a href=\"https:\/\/www.jlumx.com\/home\/properties\/nave-industrial\/\" target=\"_self\"  class=\"unit_details_x\">details<\/a><\/div>               \n                <div class=\"property_location\">\n                    <div class=\"property_agent_wrapper\">\n    <div class=\"property_agent_image\" style=\"background-image:url('https:\/\/www.jlumx.com\/home\/wp-content\/uploads\/2017\/11\/banner_final-120x120.jpg')\"><\/div> \n    <div class=\"property_agent_image_sign\"><i class=\"far fa-user-circle\"><\/i><\/div>\n    <a href=\"https:\/\/www.jlumx.com\/home\/agents\/jorge-ortega\/\">C.P. JORGE LUIS<\/a><\/div>\n                                     <div class=\"listing_actions\">\n     \n    <div class=\"share_unit\">\n        <a href=\"https:\/\/www.facebook.com\/sharer.php?u=https:\/\/www.jlumx.com\/home\/properties\/nave-industrial\/&amp;t=NAVE+INDUSTRIAL%2C+TERRENO%2C+PEROTE%2C+VER.\" target=\"_blank\" class=\"social_facebook\"><\/a>\n        <a href=\"https:\/\/twitter.com\/intent\/tweet?text=NAVE+INDUSTRIAL%2C+TERRENO%2C+PEROTE%2C+VER.+https%3A%2F%2Fwww.jlumx.com%2Fhome%2Fproperties%2Fnave-industrial%2F\" class=\"social_tweet\" target=\"_blank\"><\/a>\n        <a href=\"https:\/\/pinterest.com\/pin\/create\/button\/?url=https:\/\/www.jlumx.com\/home\/properties\/nave-industrial\/&amp;media=https:\/\/www.jlumx.com\/home\/wp-content\/uploads\/2024\/03\/nnaveindpe-115.png&amp;description=NAVE+INDUSTRIAL%2C+TERRENO%2C+PEROTE%2C+VER.\" target=\"_blank\" class=\"social_pinterest\"><\/a>\n        <a href=\"https:\/\/api.whatsapp.com\/send?text=NAVE+INDUSTRIAL%2C+TERRENO%2C+PEROTE%2C+VER.+https%3A%2F%2Fwww.jlumx.com%2Fhome%2Fproperties%2Fnave-industrial%2F\" class=\"social_whatsup\" target=\"_blank\"><\/a>\n\n        <a href=\"mailto:email@email.com?subject=NAVE+INDUSTRIAL%2C+TERRENO%2C+PEROTE%2C+VER.&amp;body=https%3A%2F%2Fwww.jlumx.com%2Fhome%2Fproperties%2Fnave-industrial%2F\" data-action=\"share email\"  class=\"social_email\"><\/a>\n\n    <\/div>\n        <span class=\"share_list\"  data-original-title=\"share\" ><\/span>\n            <span class=\"icon-fav icon-fav-off\" data-original-title=\"add to favorites\" data-postid=\"43831\"><\/span>\n        <span class=\"compare-action\" data-original-title=\"compare\" data-pimage=\"https:\/\/www.jlumx.com\/home\/wp-content\/uploads\/2024\/03\/nnaveindpe-115-143x83.png\" data-pid=\"43831\"><\/span>\n\n<\/div>                <\/div>        \n\n                    <\/div>             \n    <\/div>  \n\n<div class=\"col-md-4 shortcode-col listing_wrapper \" \n    data-org=\"6\"   \n    data-main-modal=\"https:\/\/www.jlumx.com\/home\/wp-content\/uploads\/2022\/05\/odbaren-102.jpg\"\n    data-modal-title=\"BODEGA COL. BENITO JUAREZ\"\n    data-modal-link=\"https:\/\/www.jlumx.com\/home\/properties\/bodega-arenales-xalapa\/\"\n    data-listid=\"38081\" >    \n    \n        \n    <div class=\"property_listing  property_card_default  \" \n         data-link=\"https:\/\/www.jlumx.com\/home\/properties\/bodega-arenales-xalapa\/\">    \n        \n                      \n                    \n                <div class=\"listing-unit-img-wrapper\">\n                    <div class=\"prop_new_details\">\n                        <div class=\"prop_new_details_back\"><\/div>       \n                        <div class=\"property_media\">\n                    \n                    \n   <i class=\"fas fa-camera\"><\/i> 18<\/div>                        <div class=\"property_location_image\"> \n        <span class=\"property_marker\"><\/span><a href=\"https:\/\/www.jlumx.com\/home\/city\/xalapa\/\" rel=\"tag\">Xalapa<\/a><\/div>                        <div class=\"featured_gradient\"><\/div>\n                    <\/div> \n                    \n                    <a href=\"https:\/\/www.jlumx.com\/home\/properties\/bodega-arenales-xalapa\/\" target=\"_self\" ><img width=\"500\" height=\"328\" src=\"https:\/\/www.jlumx.com\/home\/wp-content\/uploads\/2022\/05\/odbaren-102-500x328.jpg\" class=\"lazyload img-responsive wp-post-image\" alt=\"\" loading=\"lazy\" data-original=\"https:\/\/www.jlumx.com\/home\/wp-content\/uploads\/2022\/05\/odbaren-102-500x328.jpg\" srcset=\"https:\/\/www.jlumx.com\/home\/wp-content\/uploads\/2022\/05\/odbaren-102-500x328.jpg 500w, https:\/\/www.jlumx.com\/home\/wp-content\/uploads\/2022\/05\/odbaren-102-105x70.jpg 105w\" sizes=\"(max-width: 500px) 100vw, 500px\" \/><\/a>                    <div class=\"tag-wrapper\">\n          \n    \n    <div class=\"status-wrapper\">\n    <div class=\"action_tag_wrapper Venta \">Venta<\/div> \n<\/div><\/div>\n\n             \n         \n                <\/div>\n         \n\n          \n\n                <h4>  \n    <a href=\"https:\/\/www.jlumx.com\/home\/properties\/bodega-arenales-xalapa\/\">\nBODEGA COL. BENITO JUAREZ    <\/a> \n<\/h4>\n    \n                <div class=\"listing_unit_price_wrapper\">\n    $ 3,400,000 <span class=\"price_label\"><\/span><\/div>\n                \n    <div class=\"listing_details the_grid_view\">\n        PRECIO: $3,400,000 SUPERFICIE DE BODEGA: 688.80 m2. (ALTURA 8m) SUPERFICIE\u00a0 DE TERRENO: 82 <a href=\"https:\/\/www.jlumx.com\/home\/properties\/bodega-arenales-xalapa\/\" class=\"unit_more_x\">[ver m\u00e1s]<\/a>    <\/div>\n\n    <div class=\"listing_details the_list_view\">\n        PRECIO: $3,400,000 SUPERFICIE DE BODEGA: 688.80 m2. (ALTURA 8m) SUPERFICIE\u00a0 DE TERRENO: 820.53 m2. OBSERVACION 1: B <a href=\"https:\/\/www.jlumx.com\/home\/properties\/bodega-arenales-xalapa\/\" class=\"unit_more_x\">[ver m\u00e1s]<\/a>    <\/div>\n                   \n<div class=\"property_listing_details\">\n    <span class=\"infobath\">\n            <svg  viewBox=\"0 0 56 59\" fill=\"none\" xmlns=\"http:\/\/www.w3.org\/2000\/svg\">\n<path d=\"M2 37C2.00973 43.673 5.92011 49.724 12 52.4742V58C12.0016 58.5516 12.4484 58.9984 13 59H15C15.5516 58.9984 15.9984 58.5516 16 58V53.7186C16.9897 53.9011 17.9936 53.9953 19 54H37C38.0064 53.9953 39.0103 53.9011 40 53.7186V58C40.0016 58.5516 40.4484 58.9984 41 59H43C43.5516 58.9984 43.9984 58.5516 44 58V52.4742C50.0799 49.724 53.9903 43.673 54 37V31H2V37Z\" fill=\"black\"\/>\n<path d=\"M55 27H1C0.447715 27 0 27.4477 0 28C0 28.5523 0.447715 29 1 29H55C55.5523 29 56 28.5523 56 28C56 27.4477 55.5523 27 55 27Z\" fill=\"black\"\/>\n<path d=\"M5 21H7V22C7 22.5523 7.44772 23 8 23C8.55228 23 9 22.5523 9 22V18C9 17.4477 8.55228 17 8 17C7.44772 17 7 17.4477 7 18V19H5V7C5 4.23858 7.23858 2 10 2C12.7614 2 15 4.23858 15 7V7.09021C12.116 7.57866 10.004 10.0749 10 13C10.0016 13.5516 10.4484 13.9984 11 14H21C21.5516 13.9984 21.9984 13.5516 22 13C21.996 10.0749 19.884 7.57866 17 7.09021V7C17 3.13401 13.866 0 10 0C6.13401 0 3 3.13401 3 7V25.5H5V21Z\" fill=\"black\"\/>\n<\/svg>2<\/span> <span class=\"infosize\">\n            <svg  viewBox=\"0 0 42 32\" fill=\"none\" xmlns=\"http:\/\/www.w3.org\/2000\/svg\">\n<path d=\"M41 0H13C12.45 0 12 0.45 12 1V10H1C0.45 10 0 10.45 0 11V31C0 31.55 0.45 32 1 32H29C29.55 32 30 31.55 30 31V22H41C41.55 22 42 21.55 42 21V1C42 0.45 41.55 0 41 0ZM28 30H2V12H28V30ZM40 20H30V11C30 10.45 29.55 10 29 10H14V2H40V20Z\" fill=\"black\"\/>\n<\/svg>688 m<sup>2<\/sup><\/span><a href=\"https:\/\/www.jlumx.com\/home\/properties\/bodega-arenales-xalapa\/\" target=\"_self\"  class=\"unit_details_x\">details<\/a><\/div>               \n                <div class=\"property_location\">\n                    <div class=\"property_agent_wrapper\">\n    <div class=\"property_agent_image\" style=\"background-image:url('https:\/\/www.jlumx.com\/home\/wp-content\/uploads\/2017\/11\/banner_final-120x120.jpg')\"><\/div> \n    <div class=\"property_agent_image_sign\"><i class=\"far fa-user-circle\"><\/i><\/div>\n    <a href=\"https:\/\/www.jlumx.com\/home\/agents\/jorge-ortega\/\">C.P. JORGE LUIS<\/a><\/div>\n                                     <div class=\"listing_actions\">\n     \n    <div class=\"share_unit\">\n        <a href=\"https:\/\/www.facebook.com\/sharer.php?u=https:\/\/www.jlumx.com\/home\/properties\/bodega-arenales-xalapa\/&amp;t=BODEGA+COL.+BENITO+JUAREZ\" target=\"_blank\" class=\"social_facebook\"><\/a>\n        <a href=\"https:\/\/twitter.com\/intent\/tweet?text=BODEGA+COL.+BENITO+JUAREZ+https%3A%2F%2Fwww.jlumx.com%2Fhome%2Fproperties%2Fbodega-arenales-xalapa%2F\" class=\"social_tweet\" target=\"_blank\"><\/a>\n        <a href=\"https:\/\/pinterest.com\/pin\/create\/button\/?url=https:\/\/www.jlumx.com\/home\/properties\/bodega-arenales-xalapa\/&amp;media=https:\/\/www.jlumx.com\/home\/wp-content\/uploads\/2022\/05\/odbaren-102.jpg&amp;description=BODEGA+COL.+BENITO+JUAREZ\" target=\"_blank\" class=\"social_pinterest\"><\/a>\n        <a href=\"https:\/\/api.whatsapp.com\/send?text=BODEGA+COL.+BENITO+JUAREZ+https%3A%2F%2Fwww.jlumx.com%2Fhome%2Fproperties%2Fbodega-arenales-xalapa%2F\" class=\"social_whatsup\" target=\"_blank\"><\/a>\n\n        <a href=\"mailto:email@email.com?subject=BODEGA+COL.+BENITO+JUAREZ&amp;body=https%3A%2F%2Fwww.jlumx.com%2Fhome%2Fproperties%2Fbodega-arenales-xalapa%2F\" data-action=\"share email\"  class=\"social_email\"><\/a>\n\n    <\/div>\n        <span class=\"share_list\"  data-original-title=\"share\" ><\/span>\n            <span class=\"icon-fav icon-fav-off\" data-original-title=\"add to favorites\" data-postid=\"38081\"><\/span>\n        <span class=\"compare-action\" data-original-title=\"compare\" data-pimage=\"https:\/\/www.jlumx.com\/home\/wp-content\/uploads\/2022\/05\/odbaren-102-143x83.jpg\" data-pid=\"38081\"><\/span>\n\n<\/div>                <\/div>        \n\n                    <\/div>             \n    <\/div><div class=\"wpestate_listing_sh_loader\">\n       <div class=\"new_prelader\"><\/div>\n\n    <\/div><div class=\"listinglink-wrapper_sh_listings\">\n               <span class=\"wpresidence_button wpestate_item_list_sh\">cargar m\u00e1s inmuebles <\/span>\n               <\/div><\/div><script type=\"text\/javascript\">\n                \/\/<![CDATA[\n                jQuery(document).ready(function(){\n                  \/\/  wpestate_anime(\"#wpestate_sh_anime_345\");\n                   \/\/ wpestate_property_list_sh(\"#wpestate_sh_anime_345 .wpestate_item_list_sh\", \"#wpestate_sh_anime_345 .control_tax_sh\");\n                });\n                \/\/]]>\n            <\/script>\t\t<\/div>\n\t\t\t\t<\/div>\n\t\t\t\t\t\t<\/div>\n\t\t\t\t\t<\/div>\n\t\t<\/div>\n\t\t\t\t\t\t\t\t<\/div>\n\t\t\t\t\t<\/div>\n\t\t<\/section>\n\t\t\t\t\t\t<\/div>\n\t\t\t\t\t\t<\/div>\n\t\t\t\t\t<\/div>\n\t\t","protected":false},"excerpt":{"rendered":"<p>8 Xalapa Venta COL. ARBOLEDAS DEL SUMIDERO, XALAPA, VER. $ 4,000,000 COL. ARBOLEDAS DEL SUMIDERO, XALAPA, VER. Precio\u00a0$4,000,000. NIVEL \u00daNICO: \u00c1rea para 3 ofic [more] COL. ARBOLEDAS DEL SUMIDERO, XALAPA, VER. Precio\u00a0$4,000,000. NIVEL \u00daNICO: \u00c1rea para 3 oficinas con ba\u00f1o, explanada [more] 950 m2details C.P. JORGE LUIS 11 Banderilla Venta BANDERILLA, VER. $ 1,625,000 BANDERILLA, VER. PRECIO:\u00a0$1,625,000 Superficie Bodega:\u00a0395 m2. Observaci\u00f3n 1:\u00a0Bodega techa [more] &#8230;<\/p>\n","protected":false},"author":2,"featured_media":0,"parent":0,"menu_order":0,"comment_status":"closed","ping_status":"closed","template":"","meta":[],"_links":{"self":[{"href":"https:\/\/www.jlumx.com\/home\/wp-json\/wp\/v2\/pages\/31957"}],"collection":[{"href":"https:\/\/www.jlumx.com\/home\/wp-json\/wp\/v2\/pages"}],"about":[{"href":"https:\/\/www.jlumx.com\/home\/wp-json\/wp\/v2\/types\/page"}],"author":[{"embeddable":true,"href":"https:\/\/www.jlumx.com\/home\/wp-json\/wp\/v2\/users\/2"}],"replies":[{"embeddable":true,"href":"https:\/\/www.jlumx.com\/home\/wp-json\/wp\/v2\/comments?post=31957"}],"version-history":[{"count":7,"href":"https:\/\/www.jlumx.com\/home\/wp-json\/wp\/v2\/pages\/31957\/revisions"}],"predecessor-version":[{"id":31964,"href":"https:\/\/www.jlumx.com\/home\/wp-json\/wp\/v2\/pages\/31957\/revisions\/31964"}],"wp:attachment":[{"href":"https:\/\/www.jlumx.com\/home\/wp-json\/wp\/v2\/media?parent=31957"}],"curies":[{"name":"wp","href":"https:\/\/api.w.org\/{rel}","templated":true}]}}