{"id":2972,"date":"2014-10-22T12:36:54","date_gmt":"2014-10-22T12:36:54","guid":{"rendered":"http:\/\/wpresidence.net\/?page_id=2972"},"modified":"2021-05-07T00:43:56","modified_gmt":"2021-05-07T00:43:56","slug":"terms-and-coditions","status":"publish","type":"page","link":"https:\/\/www.jlumx.com\/home\/terms-and-coditions\/","title":{"rendered":"T\u00e9rminos y condiciones"},"content":{"rendered":"\t\t<div data-elementor-type=\"wp-page\" data-elementor-id=\"2972\" class=\"elementor elementor-2972\" data-elementor-settings=\"[]\">\n\t\t\t\t\t\t<div class=\"elementor-inner\">\n\t\t\t\t\t\t\t<div class=\"elementor-section-wrap\">\n\t\t\t\t\t\t\t<section class=\"elementor-section elementor-top-section elementor-element elementor-element-393e5485 elementor-section-boxed elementor-section-height-default elementor-section-height-default\" data-id=\"393e5485\" data-element_type=\"section\">\n\t\t\t\t\t\t<div class=\"elementor-container elementor-column-gap-default\">\n\t\t\t\t\t\t\t<div class=\"elementor-row\">\n\t\t\t\t\t<div class=\"elementor-column elementor-col-100 elementor-top-column elementor-element elementor-element-34cf4619\" data-id=\"34cf4619\" data-element_type=\"column\">\n\t\t\t<div class=\"elementor-column-wrap elementor-element-populated\">\n\t\t\t\t\t\t\t<div class=\"elementor-widget-wrap\">\n\t\t\t\t\t\t<div class=\"elementor-element elementor-element-82a394f elementor-widget elementor-widget-text-editor\" data-id=\"82a394f\" data-element_type=\"widget\" data-widget_type=\"text-editor.default\">\n\t\t\t\t<div class=\"elementor-widget-container\">\n\t\t\t\t\t<div class=\"elementor-text-editor elementor-clearfix\"><section><div class=\"container\"><div class=\"row\"><div class=\" col-md-12 col-sm-12 col-xs-12\"><div id=\"post-558\" class=\"post-558 page type-page status-publish hentry\"><div class=\"blog row m0 single_post\"><div class=\"desc\"><p style=\"text-align: left;\">En cumplimiento a la\u00a0<strong>Ley Federal de Protecci\u00f3n de Datos Personales en Posesi\u00f3n de los Particulares<\/strong>\u00a0y su\u00a0<strong>Reglamento\u00a0<\/strong>vigentes en M\u00e9xico, que en lo sucesivo se denominar\u00e1 \u201c<strong>la Ley<\/strong>\u201d y\u00a0<strong>el \u201cReglamento<\/strong>\u201d respectivamente, le hago de su conocimiento los t\u00e9rminos y condiciones del\u00a0<strong>Aviso de Privacidad de Datos Personales<\/strong>\u00a0que en lo sucesivo se denomina \u00ab\u00a0<strong>Aviso de Privacidad<\/strong>\u00bb de\u00a0<strong>JLUMX, S.A. de C.V.,<\/strong>\u00a0que en lo sucesivo se denomina \u201c<strong>La Empresa<\/strong>\u201d con domicilio fiscal en\u00a0<strong>Calle Paseo de los Alpes esquina Cerrada del Himalaya No. 2, Local 9, Letra k, Nivel 2, Fraccionamiento Residencial Las Cumbres, C.P. 91190, Terraza Cumbres-Centro Comercial, Xalapa, Veracruz, y<\/strong>\u00a0correo electr\u00f3nico\u00a0<strong>contacto@.jlumx.com.<\/strong><\/p><ul><li><strong>INFORMACI\u00d3N A RECOLECTAR<\/strong><\/li><\/ul><p>Los datos personales que usted libre y voluntariamente proporcione a\u00a0<strong>JLUMX, S.A. de C.V.,\u00a0<\/strong>a trav\u00e9s de documentos originales presentados, podr\u00e1n incluir su nombre o raz\u00f3n social si es persona moral, domicilio, estado civil, fecha de nacimiento, n\u00famero telef\u00f3nico, correo electr\u00f3nico, e-mail, nacionalidad, CURP, estados de cuenta, ingresos, entre otros Los datos citados previamente ser\u00e1n denominados en lo sucesivo, en su conjunto, como los \u201c<strong>Datos Personales<\/strong>\u201d.<\/p><ul><li><strong>UTILIZACI\u00d3N DE LA INFORMACI\u00d3N<\/strong><strong>\u00a0<\/strong><\/li><\/ul><p>Los Datos Personales que recopilamos son \u00fanicamente para las siguientes finalidades:<\/p><p><strong>FINALIDAD PRIMARIA:<\/strong><\/p><ol><li>Fines de identificaci\u00f3n;<\/li><li>Elaborar los registros electr\u00f3nicos y f\u00edsicos que de acuerdo a su calidad y categor\u00eda le correspondan;<\/li><li>Generar estad\u00edsticas en materia fiscal o proyectos realizados; e<\/li><li>Integrar los expedientes.<\/li><\/ol><p><strong>FINALIDAD SECUNDARIA:<\/strong><\/p><ol><li>Evaluar la calidad de los servicios proporcionados, a trav\u00e9s de encuestas de servicio;<\/li><li>Dar a conocer nuevos servicios;<\/li><li>Contactar de manera personal, v\u00eda telef\u00f3nica o a trav\u00e9s del correo electr\u00f3nico para los fines antes citados.<\/li><\/ol><p>En la recolecci\u00f3n y tratamiento de los\u00a0<strong>Datos Personales<\/strong>\u00a0que usted nos proporcione, cumplimos todos los principios de\u00a0<strong>licitud, calidad, consentimiento, informaci\u00f3n, finalidad, lealtad, proporcionalidad<\/strong>\u00a0y\u00a0<strong>responsabilidad<\/strong>\u00a0que marca la Ley.<\/p><ul><li><strong>COMPARTIR SU INFORMACI\u00d3N<\/strong><\/li><\/ul><p><strong>JLUMX, S.A. de C.V.,<\/strong>\u00a0podr\u00e1 transferir y tratar sus datos personales, por personas distintas a esta empresa debido a la naturaleza del objeto social de\u00a0<strong>JLUMX, S.A. de C.V.,\u00a0<\/strong>o al cumplimiento de requisitos legales o fiscales. En ese sentido, su informaci\u00f3n puede ser compartida o proporcionada con otras inmobiliarias, con el SAT, con Notarias P\u00fablicas debidamente autorizadas, Registros P\u00fablicos de la Propiedad, Bancos, el Infonavit<strong>, Etc.).<\/strong><\/p><p><strong>JLUMX, S.A. de C.V.,<\/strong>\u00a0podr\u00e1 revelar o permitir el acceso a los Datos Personales que usted nos proporcione, para cumplir con la legislaci\u00f3n aplicable o por requerimiento de la autoridad competente. En ning\u00fan caso comercializaremos, venderemos o rentaremos informaci\u00f3n personal sobre usted a un tercero sin su consentimiento previo.<\/p><p>Los Datos Personales que usted proporcione a\u00a0<strong>JLUMX, S.A. de C.V.,<\/strong>\u00a0podr\u00e1n compilarse y fijarse en una base de datos propiedad exclusiva de\u00a0<strong>JLUMX, S.A. de C.V.<\/strong><\/p><p>Entendemos que usted ha otorgado su consentimiento para el tratamiento y transferencia de sus Datos Personales de conformidad con el presente\u00a0<strong>Aviso de Privacidad\u00a0<\/strong>si usted no manifiesta su oposici\u00f3n a trav\u00e9s de los medios hechos de su conocimiento en este\u00a0<strong>Aviso de Privacidad<\/strong>.<\/p><ul><li><strong>MEDIDAS DE SEGURIDAD Y CONTROL PARA LA PROTECCI\u00d3N DE SUS DATOS PERSONALES<\/strong><\/li><\/ul><p><strong>JLUMX, S.A. de C.V.,<\/strong>\u00a0tiene implementadas medidas de seguridad administrativas, t\u00e9cnicas y f\u00edsicas para proteger sus Datos Personales contra da\u00f1o, p\u00e9rdida, alteraci\u00f3n, destrucci\u00f3n, uso, acceso o tratamiento no autorizado, mismas que igualmente exigimos sean cumplidas por los proveedores de servicios que contratamos.<\/p><ul><li><strong>ENCARGADO O \u00c1REA RESPONSABLE DEL TRATAMIENTO DE LOS DATOS PERSONALES.<\/strong><\/li><\/ul><p>El \u00e1rea responsable del tratamiento de los Datos Personales en\u00a0<strong>JLUMX, S.A. de C.V.,<\/strong>\u00a0es el C. P. Jorge Luis Ortega Hern\u00e1ndez, con domicilio en\u00a0<strong>Calle Paseo de los Alpes esquina Cerrada de Himalaya No. 2, Local 9, Letra k, Nivel 2, Fraccionamiento Residencial Las Cumbres, C.P. 91190, Terraza Cumbres-Centro Comercial, Xalapa, Veracruz,\u00a0<\/strong>al correo electr\u00f3nico jorgeluis.lumx@gmail.com.<\/p><ul><li><strong>DERECHOS ARCO Y REVOCAR SU CONSENTIMIENTO AL TRATAMIENTO.<\/strong><\/li><\/ul><p>Los usuarios titulares de los Datos Personales podr\u00e1n ejercitar los derechos ARCO (<strong>acceso<\/strong>,\u00a0<strong>cancelaci\u00f3n<\/strong>,\u00a0<strong>rectificaci\u00f3n<\/strong>\u00a0y\u00a0<strong>oposici\u00f3n<\/strong>\u00a0al tratamiento de los mismos) o bien, revocar el consentimiento que hayan otorgado a\u00a0<strong>JLUMX, S.A. de C.V.,<\/strong>\u00a0para el tratamiento de sus Datos Personales, enviando directamente su solicitud a nuestro Director General, C. P. Jorge Luis Ortega Hern\u00e1ndez, a trav\u00e9s de la cuenta de correo electr\u00f3nico jorgeluis.lumx@gmail.com. Dicha solicitud deber\u00e1 contener por lo menos:<\/p><ol><li>Nombre y domicilio u otro medio para comunicarle la respuesta a su solicitud;<\/li><li>Los documentos que acrediten la identidad o, en su caso, la representaci\u00f3n legal;<\/li><li>La descripci\u00f3n clara y precisa de los Datos Personales respecto de los que se solicita ejercer alguno de los derechos ARCO; y<\/li><li>Cualquier otro elemento que facilite la localizaci\u00f3n de los Datos Personales.<\/li><\/ol><ul><li><strong>EJERCER LOS DERECHOS ARCO.<\/strong><\/li><\/ul><p>En t\u00e9rminos de la Ley y el Reglamento, en cualquier momento, podr\u00e1 presentarnos una solicitud para ejercer sus derechos ARCO; teniendo obligaci\u00f3n\u00a0<strong>JLUMX, S.A. de C.V.,<\/strong>\u00a0de dar contestaci\u00f3n a su solicitud dentro de los 20 d\u00edas siguientes a la fecha de recepci\u00f3n de la misma. Si transcurrido el t\u00e9rmino que se\u00f1ala la Ley,\u00a0<strong>JLUMX, S.A. de C.V.,\u00a0<\/strong>no diera respuesta a su solicitud, entonces podr\u00e1 iniciar el procedimiento de protecci\u00f3n de derechos ARCO ante el Instituto Federal de Acceso a la Informaci\u00f3n y Protecci\u00f3n de Datos Personales (IFAI).<\/p><ul><li><strong>MODIFICACIONES AL AVISO DE PRIVACIDAD.<\/strong><\/li><\/ul><p>Nos reservamos el derecho de modificar, complementar y\/o actualizar este\u00a0<strong>Aviso de Privacidad<\/strong>\u00a0en cualquier momento. En caso de que exista alg\u00fan cambio en este Aviso de Privacidad, se le comunicar\u00e1 a los usuarios publicando una nota visible en nuestras oficinas. Por su seguridad, consulte en todo momento el contenido de este Aviso de Privacidad.<\/p><ul><li><strong>OTRAS NORMATIVIDADES APLICABLES.<\/strong><\/li><\/ul><p>Las leyes y regulaciones de otros pa\u00edses pueden imponer diferentes requerimientos para la protecci\u00f3n de la informaci\u00f3n en general y de los datos personales que se recolectan v\u00eda internet.\u00a0<strong>JLUMX, S.A. de C.V.,<\/strong>\u00a0se encuentra ubicada en M\u00e9xico y todos los asuntos son regidos por las leyes de M\u00e9xico. Si Usted est\u00e1 ubicado en alg\u00fan otro pa\u00eds distinto de M\u00e9xico y nos contacta, por favor tome en cuenta que cualquier informaci\u00f3n que Usted nos provea ser\u00e1 transferida a M\u00e9xico, y al momento de ingresar su informaci\u00f3n Usted autoriza esta transferencia y la aceptaci\u00f3n del presente Aviso de Privacidad.<\/p><p>Este Aviso de Privacidad cumple con los requisitos que marca la Ley y el Reglamento.<\/p><p>Fecha de \u00faltima actualizaci\u00f3n de este Aviso de Privacidad:\u00a0<strong>30 de Mayo de 2016.<\/strong><\/p><\/div><\/div><\/div><\/div><\/div><\/div><\/section><\/div>\n\t\t\t\t<\/div>\n\t\t\t\t<\/div>\n\t\t\t\t\t\t<\/div>\n\t\t\t\t\t<\/div>\n\t\t<\/div>\n\t\t\t\t\t\t\t\t<\/div>\n\t\t\t\t\t<\/div>\n\t\t<\/section>\n\t\t\t\t\t\t<\/div>\n\t\t\t\t\t\t<\/div>\n\t\t\t\t\t<\/div>\n\t\t","protected":false},"excerpt":{"rendered":"<p>En cumplimiento a la\u00a0Ley Federal de Protecci\u00f3n de Datos Personales en Posesi\u00f3n de los Particulares\u00a0y su\u00a0Reglamento\u00a0vigentes en M\u00e9xico, que en lo sucesivo se denominar\u00e1 \u201cla Ley\u201d y\u00a0el \u201cReglamento\u201d respectivamente, le hago de su conocimiento los t\u00e9rminos y condiciones del\u00a0Aviso de Privacidad de Datos Personales\u00a0que en lo sucesivo se denomina \u00ab\u00a0Aviso de Privacidad\u00bb de\u00a0JLUMX, S.A. de C.V.,\u00a0que en lo sucesivo se denomina \u201cLa Empresa\u201d con &#8230;<\/p>\n","protected":false},"author":1,"featured_media":0,"parent":0,"menu_order":0,"comment_status":"closed","ping_status":"closed","template":"terms_conditions.php","meta":[],"_links":{"self":[{"href":"https:\/\/www.jlumx.com\/home\/wp-json\/wp\/v2\/pages\/2972"}],"collection":[{"href":"https:\/\/www.jlumx.com\/home\/wp-json\/wp\/v2\/pages"}],"about":[{"href":"https:\/\/www.jlumx.com\/home\/wp-json\/wp\/v2\/types\/page"}],"author":[{"embeddable":true,"href":"https:\/\/www.jlumx.com\/home\/wp-json\/wp\/v2\/users\/1"}],"replies":[{"embeddable":true,"href":"https:\/\/www.jlumx.com\/home\/wp-json\/wp\/v2\/comments?post=2972"}],"version-history":[{"count":9,"href":"https:\/\/www.jlumx.com\/home\/wp-json\/wp\/v2\/pages\/2972\/revisions"}],"predecessor-version":[{"id":29416,"href":"https:\/\/www.jlumx.com\/home\/wp-json\/wp\/v2\/pages\/2972\/revisions\/29416"}],"wp:attachment":[{"href":"https:\/\/www.jlumx.com\/home\/wp-json\/wp\/v2\/media?parent=2972"}],"curies":[{"name":"wp","href":"https:\/\/api.w.org\/{rel}","templated":true}]}}